{"id":989,"date":"2021-01-19T10:37:12","date_gmt":"2021-01-19T09:37:12","guid":{"rendered":"http:\/\/ihrewerbung.biz\/hanshaider\/?page_id=989"},"modified":"2022-08-25T08:48:37","modified_gmt":"2022-08-25T06:48:37","slug":"impressum-2","status":"publish","type":"page","link":"https:\/\/hans-haider.at\/Weingut\/impressum-2\/","title":{"rendered":"Impressum"},"content":{"rendered":"<p>[et_pb_section fb_built=&#8221;1&#8243; _builder_version=&#8221;4.8.2&#8243; _module_preset=&#8221;default&#8221;][et_pb_row _builder_version=&#8221;4.7.7&#8243; _module_preset=&#8221;default&#8221; custom_margin=&#8221;||2vw||false|false&#8221; custom_padding=&#8221;||||false|false&#8221; locked=&#8221;off&#8221;][et_pb_column type=&#8221;4_4&#8243; _builder_version=&#8221;4.7.7&#8243; _module_preset=&#8221;default&#8221;][et_pb_text _builder_version=&#8221;4.8.1&#8243; _module_preset=&#8221;default&#8221; text_font=&#8221;|700||on|||||&#8221; text_line_height=&#8221;2em&#8221; custom_padding=&#8221;|||60px|false|false&#8221;]<\/p>\n<h2>Impressum<\/h2>\n<p>[\/et_pb_text][et_pb_divider divider_weight=&#8221;2px&#8221; _builder_version=&#8221;4.7.7&#8243; _module_preset=&#8221;default&#8221; custom_margin=&#8221;-25px||||false|false&#8221;][\/et_pb_divider][\/et_pb_column][\/et_pb_row][et_pb_row column_structure=&#8221;1_2,1_2&#8243; make_equal=&#8221;on&#8221; _builder_version=&#8221;4.9.0&#8243; _module_preset=&#8221;default&#8221; custom_margin=&#8221;||3vw||false|false&#8221;][et_pb_column type=&#8221;1_2&#8243; _builder_version=&#8221;4.8.1&#8243; _module_preset=&#8221;default&#8221;][et_pb_text _builder_version=&#8221;4.9.0&#8243; _module_preset=&#8221;default&#8221; custom_padding=&#8221;20px|20px|20px|20px|true|true&#8221; box_shadow_style=&#8221;preset2&#8243; box_shadow_horizontal=&#8221;16px&#8221; box_shadow_vertical=&#8221;16px&#8221; box_shadow_spread=&#8221;-3px&#8221;]<\/p>\n<h2>Weingut Hans Haider<\/h2>\n<p>Frauenkirchner Stra\u00dfe 11<br \/> 7141 Podersdorf am See<\/p>\n<p><a href=\"mailto:info@hans-haider.at\">info@hans-haider.at<\/a><br \/> <a href=\"http:\/\/www.hans-haider.at\">www.hans-haider.at<\/a><\/p>\n<h2>\u00d6ffnungszeiten<\/h2>\n<p>Jederzeit nach telefonischer\u00a0 Vereinbarung unter<\/p>\n<p><a href=\"&lt;a href=&quot;tel:+4369914502323&quot;&lt;\/a&gt;\">+43 699 145 023 23<\/a><\/p>\n<h3>Haftung:<\/h3>\n<p>Trotz sorgf\u00e4ltiger inhaltlicher Kontrolle \u00fcbernehmen wir keine Haftung f\u00fcr die Inhalte externer Links. F\u00fcr den Inhalt der verlinkten Seiten sind ausschlie\u00dflich deren Betreiber verantwortlich.<\/p>\n<h3>Bilder &amp; Medien:<\/h3>\n<p>Hans Haider<\/p>\n<h3>Rechtlicher Hinweis:<\/h3>\n<p>Es wurden alle zumutbaren Anstrengungen unternommen, um sicher zu stellen, dass die bereitgestellten Informationen richtig und vollst\u00e4ndig sind.<br \/> Dennoch kann es zu Fehlern gekommen sein.<br \/> Daraus abgeleitete Anspr\u00fcche, welcher Art auch immer, k\u00f6nnen nicht anerkannt werden.<\/p>\n<h3>\u00c4nderungen:<\/h3>\n<p>Der Herausgeber beh\u00e4lt sich das Recht vor, Erg\u00e4nzungen und \/oder \u00c4nderungen der bereitgestellten Informationen, ohne vorherige Ank\u00fcndigung, vorzunehmen.<\/p>\n<h3>Verweise und Links:<\/h3>\n<p>Bei Verweisen und Links die direkt oder indirekt auf fremde Seiten au\u00dferhalb des Verantwortungsbereiches der Betreiber\/Autoren liegen haften diese nur dann, wenn sie von den Inhalten Kenntnis haben und es ihnen technischm\u00f6glich und zumutbar w\u00e4re, die Nutzung im Falle rechtswidriger Inhalte zu verhindern.<br \/> F\u00fcr alle dar\u00fcber hinausgehende Inhalte (fehlerhaft, unvollst\u00e4ndig, rufsch\u00e4digend, gewaltverherlichend,illegal etc.) und insbesondere f\u00fcr Sch\u00e4den, die aus der Nutzung oder Nichtnutzung<br \/> solcherart dargebotener Informationen entstehen, haftet allein der Anbieter der Seite, auf welche verwiesen wurde, nicht derjenige, der \u00fcber Links auf die jeweilige Ver\u00f6ffentlichung lediglich verweist.<\/p>\n<p>F\u00fcr den Inhalt verantworlich:<br \/> HANS HAIDER<\/p>\n<p>[\/et_pb_text][\/et_pb_column][et_pb_column type=&#8221;1_2&#8243; _builder_version=&#8221;4.9.0&#8243; _module_preset=&#8221;default&#8221;][et_pb_code _builder_version=&#8221;4.9.0&#8243; _module_preset=&#8221;default&#8221; hover_enabled=&#8221;0&#8243; sticky_enabled=&#8221;0&#8243;]<iframe src=\"https:\/\/www.google.com\/maps\/embed?pb=!1m18!1m12!1m3!1d946.612100284632!2d16.841067164863812!3d47.85076390745792!2m3!1f0!2f0!3f0!3m2!1i1024!2i768!4f13.1!3m3!1m2!1s0x476c6a48a605a4c3%3A0x4ef6a48db36ee230!2sFrauenkirchner%20Str.%2011%2C%207141%20Podersdorf%20am%20See!5e0!3m2!1sde!2sat!4v1661410099554!5m2!1sde!2sat\" width=\"600\" height=\"450\" style=\"border:0;\" allowfullscreen=\"\" loading=\"lazy\" referrerpolicy=\"no-referrer-when-downgrade\"><\/iframe>[\/et_pb_code][\/et_pb_column][\/et_pb_row][\/et_pb_section]<\/p>\n","protected":false},"excerpt":{"rendered":"<p>[et_pb_section fb_built=&#8221;1&#8243; _builder_version=&#8221;4.8.2&#8243; _module_preset=&#8221;default&#8221;][et_pb_row _builder_version=&#8221;4.7.7&#8243; _module_preset=&#8221;default&#8221; custom_margin=&#8221;||2vw||false|false&#8221; custom_padding=&#8221;||||false|false&#8221; locked=&#8221;off&#8221;][et_pb_column type=&#8221;4_4&#8243; _builder_version=&#8221;4.7.7&#8243; _module_preset=&#8221;default&#8221;][et_pb_text _builder_version=&#8221;4.8.1&#8243; _module_preset=&#8221;default&#8221; text_font=&#8221;|700||on|||||&#8221; text_line_height=&#8221;2em&#8221; custom_padding=&#8221;|||60px|false|false&#8221;] Impressum [\/et_pb_text][et_pb_divider divider_weight=&#8221;2px&#8221; _builder_version=&#8221;4.7.7&#8243; _module_preset=&#8221;default&#8221; custom_margin=&#8221;-25px||||false|false&#8221;][\/et_pb_divider][\/et_pb_column][\/et_pb_row][et_pb_row column_structure=&#8221;1_2,1_2&#8243; make_equal=&#8221;on&#8221; _builder_version=&#8221;4.9.0&#8243; _module_preset=&#8221;default&#8221; custom_margin=&#8221;||3vw||false|false&#8221;][et_pb_column type=&#8221;1_2&#8243; _builder_version=&#8221;4.8.1&#8243; _module_preset=&#8221;default&#8221;][et_pb_text _builder_version=&#8221;4.9.0&#8243; _module_preset=&#8221;default&#8221; custom_padding=&#8221;20px|20px|20px|20px|true|true&#8221; box_shadow_style=&#8221;preset2&#8243; box_shadow_horizontal=&#8221;16px&#8221; box_shadow_vertical=&#8221;16px&#8221; box_shadow_spread=&#8221;-3px&#8221;] Weingut Hans Haider Frauenkirchner Stra\u00dfe 11 7141 Podersdorf am See info@hans-haider.at www.hans-haider.at \u00d6ffnungszeiten Jederzeit nach telefonischer\u00a0 Vereinbarung [&hellip;]<\/p>\n","protected":false},"author":1,"featured_media":0,"parent":0,"menu_order":0,"comment_status":"closed","ping_status":"closed","template":"","meta":{"_et_pb_use_builder":"on","_et_pb_old_content":"<!-- wp:divi\/placeholder \/-->","_et_gb_content_width":""},"_links":{"self":[{"href":"https:\/\/hans-haider.at\/Weingut\/wp-json\/wp\/v2\/pages\/989"}],"collection":[{"href":"https:\/\/hans-haider.at\/Weingut\/wp-json\/wp\/v2\/pages"}],"about":[{"href":"https:\/\/hans-haider.at\/Weingut\/wp-json\/wp\/v2\/types\/page"}],"author":[{"embeddable":true,"href":"https:\/\/hans-haider.at\/Weingut\/wp-json\/wp\/v2\/users\/1"}],"replies":[{"embeddable":true,"href":"https:\/\/hans-haider.at\/Weingut\/wp-json\/wp\/v2\/comments?post=989"}],"version-history":[{"count":4,"href":"https:\/\/hans-haider.at\/Weingut\/wp-json\/wp\/v2\/pages\/989\/revisions"}],"predecessor-version":[{"id":2198,"href":"https:\/\/hans-haider.at\/Weingut\/wp-json\/wp\/v2\/pages\/989\/revisions\/2198"}],"wp:attachment":[{"href":"https:\/\/hans-haider.at\/Weingut\/wp-json\/wp\/v2\/media?parent=989"}],"curies":[{"name":"wp","href":"https:\/\/api.w.org\/{rel}","templated":true}]}}