{"id":1611,"date":"2021-02-15T09:37:55","date_gmt":"2021-02-15T08:37:55","guid":{"rendered":"https:\/\/p576645.mittwaldserver.info\/?page_id=1611"},"modified":"2021-02-16T16:36:56","modified_gmt":"2021-02-16T15:36:56","slug":"versand","status":"publish","type":"page","link":"https:\/\/hans-haider.at\/Weingut\/versand\/","title":{"rendered":"Versand"},"content":{"rendered":"<p>[et_pb_section fb_built=&#8221;1&#8243; _builder_version=&#8221;4.9.0&#8243; _module_preset=&#8221;default&#8221;][et_pb_row _builder_version=&#8221;4.9.0&#8243; _module_preset=&#8221;default&#8221; custom_margin=&#8221;||1vw||false|false&#8221; custom_padding=&#8221;||||false|false&#8221; hover_enabled=&#8221;0&#8243; locked=&#8221;off&#8221; sticky_enabled=&#8221;0&#8243;][et_pb_column type=&#8221;4_4&#8243; _builder_version=&#8221;4.7.7&#8243; _module_preset=&#8221;default&#8221;][et_pb_text _builder_version=&#8221;4.9.0&#8243; _module_preset=&#8221;default&#8221; text_font=&#8221;|700||on|||||&#8221; text_line_height=&#8221;2em&#8221; custom_padding=&#8221;|||60px|false|false&#8221;]<\/p>\n<h2>Versand<\/h2>\n<p>[\/et_pb_text][et_pb_divider divider_weight=&#8221;2px&#8221; _builder_version=&#8221;4.7.7&#8243; _module_preset=&#8221;default&#8221; custom_margin=&#8221;-25px||||false|false&#8221;][\/et_pb_divider][\/et_pb_column][\/et_pb_row][et_pb_row column_structure=&#8221;2_3,1_3&#8243; _builder_version=&#8221;4.9.0&#8243; _module_preset=&#8221;default&#8221;][et_pb_column type=&#8221;2_3&#8243; _builder_version=&#8221;4.9.0&#8243; _module_preset=&#8221;default&#8221;][et_pb_text _builder_version=&#8221;4.9.0&#8243; _module_preset=&#8221;default&#8221;]<\/p>\n<table border=\"0\" cellpadding=\"0\" cellspacing=\"0\">\n<tbody>\n<tr>\n<td><span><strong>VERKAUFS &#8211; &amp; LIEFERBEDINGUNGEN<\/strong><\/span><\/td>\n<td rowspan=\"6\"><\/td>\n<\/tr>\n<tr>\n<td rowspan=\"4\">\n<p><span><strong>Preise<\/strong><br \/>Alle Preise verstehen sich in Euro inkl. aller Steuern und Abgaben.<\/span><\/p>\n<p><span><strong>Spezialabf\u00fcllung<\/strong><br \/>Gr\u00f6\u00dfere Flaschen ( zB. 1,5l ) auf Wunsch erh\u00e4ltlich.<\/span><\/p>\n<div>\n<p><span><strong>Versand innerhalb \u00d6sterreich<\/strong><br \/>durch Bahnexpress oder Paketdienst.<br \/>12er Karton pro Flasche 0,50\u20ac<br \/>ab 200\u20ac frei Haus<\/span><\/p>\n<p><strong>Versand nach Deutschland<\/strong><\/p>\n<\/div>\n<div><span>durch Bahnexpress oder Paketdienst.<br \/>12er Karton pro Flasche 0,70\u20ac<\/span><span><br \/>ab 200\u20ac frei Haus<\/span><\/div>\n<div>\u00a0<\/div>\n<p><span><\/span><\/p>\n<div><span>Die Bezahlung erfolgt auf Rechnung.<\/span><\/div>\n<p><span><\/span><span><\/span><\/p>\n<div><span>Die Ware bleibt Eigentum bis zur vollst\u00e4ndigen Bezahlung.<\/span><\/div>\n<p><span><\/span><span><\/span><\/p>\n<div><span>Sollten Sie n\u00e4here Informationen ben\u00f6tigen, wenden Sie sich bitte<\/span><\/div>\n<p><span><\/span><\/p>\n<div><span>per Email an\u00a0<\/span><span><a>info@hans-haider.at<\/a>. Preise inkl. 13% MwSt.<\/span><\/div>\n<\/td>\n<\/tr>\n<\/tbody>\n<\/table>\n<p>[\/et_pb_text][\/et_pb_column][et_pb_column type=&#8221;1_3&#8243; _builder_version=&#8221;4.9.0&#8243; _module_preset=&#8221;default&#8221;][et_pb_image src=&#8221;https:\/\/p576645.mittwaldserver.info\/wp-content\/uploads\/2020\/12\/cropped-HHAutoaufkleber.png&#8221; title_text=&#8221;cropped-HHAutoaufkleber.png&#8221; _builder_version=&#8221;4.9.0&#8243; _module_preset=&#8221;default&#8221;][\/et_pb_image][\/et_pb_column][\/et_pb_row][\/et_pb_section]<\/p>\n","protected":false},"excerpt":{"rendered":"<p>[et_pb_section fb_built=&#8221;1&#8243; _builder_version=&#8221;4.9.0&#8243; _module_preset=&#8221;default&#8221;][et_pb_row _builder_version=&#8221;4.9.0&#8243; _module_preset=&#8221;default&#8221; custom_margin=&#8221;||1vw||false|false&#8221; custom_padding=&#8221;||||false|false&#8221; hover_enabled=&#8221;0&#8243; locked=&#8221;off&#8221; sticky_enabled=&#8221;0&#8243;][et_pb_column type=&#8221;4_4&#8243; _builder_version=&#8221;4.7.7&#8243; _module_preset=&#8221;default&#8221;][et_pb_text _builder_version=&#8221;4.9.0&#8243; _module_preset=&#8221;default&#8221; text_font=&#8221;|700||on|||||&#8221; text_line_height=&#8221;2em&#8221; custom_padding=&#8221;|||60px|false|false&#8221;] Versand [\/et_pb_text][et_pb_divider divider_weight=&#8221;2px&#8221; _builder_version=&#8221;4.7.7&#8243; _module_preset=&#8221;default&#8221; custom_margin=&#8221;-25px||||false|false&#8221;][\/et_pb_divider][\/et_pb_column][\/et_pb_row][et_pb_row column_structure=&#8221;2_3,1_3&#8243; _builder_version=&#8221;4.9.0&#8243; _module_preset=&#8221;default&#8221;][et_pb_column type=&#8221;2_3&#8243; _builder_version=&#8221;4.9.0&#8243; _module_preset=&#8221;default&#8221;][et_pb_text _builder_version=&#8221;4.9.0&#8243; _module_preset=&#8221;default&#8221;] VERKAUFS &#8211; &amp; LIEFERBEDINGUNGEN PreiseAlle Preise verstehen sich in Euro inkl. aller Steuern und Abgaben. Spezialabf\u00fcllungGr\u00f6\u00dfere Flaschen ( zB. 1,5l ) auf [&hellip;]<\/p>\n","protected":false},"author":1,"featured_media":0,"parent":0,"menu_order":0,"comment_status":"closed","ping_status":"closed","template":"","meta":{"_et_pb_use_builder":"on","_et_pb_old_content":"","_et_gb_content_width":""},"_links":{"self":[{"href":"https:\/\/hans-haider.at\/Weingut\/wp-json\/wp\/v2\/pages\/1611"}],"collection":[{"href":"https:\/\/hans-haider.at\/Weingut\/wp-json\/wp\/v2\/pages"}],"about":[{"href":"https:\/\/hans-haider.at\/Weingut\/wp-json\/wp\/v2\/types\/page"}],"author":[{"embeddable":true,"href":"https:\/\/hans-haider.at\/Weingut\/wp-json\/wp\/v2\/users\/1"}],"replies":[{"embeddable":true,"href":"https:\/\/hans-haider.at\/Weingut\/wp-json\/wp\/v2\/comments?post=1611"}],"version-history":[{"count":0,"href":"https:\/\/hans-haider.at\/Weingut\/wp-json\/wp\/v2\/pages\/1611\/revisions"}],"wp:attachment":[{"href":"https:\/\/hans-haider.at\/Weingut\/wp-json\/wp\/v2\/media?parent=1611"}],"curies":[{"name":"wp","href":"https:\/\/api.w.org\/{rel}","templated":true}]}}